{"id":101,"date":"2024-03-07T12:41:49","date_gmt":"2024-03-07T11:41:49","guid":{"rendered":"https:\/\/fiboo.ch\/?page_id=101"},"modified":"2024-03-13T16:57:01","modified_gmt":"2024-03-13T15:57:01","slug":"services","status":"publish","type":"page","link":"https:\/\/fiboo.ch\/index.php\/services\/","title":{"rendered":"Services"},"content":{"rendered":"\n<p><strong>Finanz- und Rechnungswesen<\/strong><\/p>\n\n\n\n<p>Aufbau und Planung des gesamten Rechnungswesens, F\u00fchren der Haupt- und Nebenb\u00fccher, s\u00e4mtliche Abrechnungen, Statistiken und Analysen, Budgetierung und Planungen, s\u00e4mtliche anfallenden administrative Arbeiten.<\/p>\n\n\n\n<p><strong>Steuern<\/strong><\/p>\n\n\n\n<p>Steuerberatung, Steuererkl\u00e4rungen und Kontrolle der Veranlagungen, inkl. Beh\u00f6rdeng\u00e4nge.<\/p>\n\n\n\n<p><strong>Personalwesen<\/strong><\/p>\n\n\n\n<p>Aufbau und Planung des gesamten Personalwesens, Lohnbuchhaltung inkl. Lohn- und Gehaltsauszahlungen, s\u00e4mtliche Abrechnungen an Sozialversicherungen und Personal, Personaladministration.<\/p>\n\n\n\n<p><strong>Vorsorge, Finanzierung und Projektierungen<\/strong><\/p>\n\n\n\n<p>Unterst\u00fctzung in Fragen der Vorsorge, Finanzierung von Immobilien sowie Ihr Partner f\u00fcr das Projektieren diverserer Einf\u00fchrungen.<\/p>\n\n\n\n<figure class=\"wp-block-image size-large\"><img loading=\"lazy\" decoding=\"async\" width=\"1024\" height=\"614\" src=\"https:\/\/fiboo.ch\/wp-content\/uploads\/2024\/03\/photodune-5292925-save-to-study-m-1536x921-1-1024x614.jpg\" alt=\"\" class=\"wp-image-108\" srcset=\"https:\/\/fiboo.ch\/wp-content\/uploads\/2024\/03\/photodune-5292925-save-to-study-m-1536x921-1-1024x614.jpg 1024w, https:\/\/fiboo.ch\/wp-content\/uploads\/2024\/03\/photodune-5292925-save-to-study-m-1536x921-1-300x180.jpg 300w, https:\/\/fiboo.ch\/wp-content\/uploads\/2024\/03\/photodune-5292925-save-to-study-m-1536x921-1-768x461.jpg 768w, https:\/\/fiboo.ch\/wp-content\/uploads\/2024\/03\/photodune-5292925-save-to-study-m-1536x921-1.jpg 1536w\" sizes=\"auto, (max-width: 1024px) 100vw, 1024px\" \/><\/figure>\n","protected":false},"excerpt":{"rendered":"<p>Finanz- und Rechnungswesen Aufbau und Planung des gesamten Rechnungswesens, F\u00fchren der Haupt- und Nebenb\u00fccher, s\u00e4mtliche Abrechnungen, Statistiken und Analysen, Budgetierung und Planungen, s\u00e4mtliche anfallenden administrative Arbeiten. Steuern Steuerberatung, Steuererkl\u00e4rungen und Kontrolle der Veranlagungen, inkl. Beh\u00f6rdeng\u00e4nge. Personalwesen Aufbau und Planung des gesamten Personalwesens, Lohnbuchhaltung inkl. Lohn- und Gehaltsauszahlungen, s\u00e4mtliche Abrechnungen an Sozialversicherungen und Personal, Personaladministration. Vorsorge, &hellip; <a href=\"https:\/\/fiboo.ch\/index.php\/services\/\" class=\"more-link\"><span class=\"screen-reader-text\">Services<\/span> weiterlesen<\/a><\/p>\n","protected":false},"author":1,"featured_media":0,"parent":0,"menu_order":0,"comment_status":"closed","ping_status":"closed","template":"","meta":{"footnotes":""},"class_list":["post-101","page","type-page","status-publish","hentry"],"yoast_head":"<!-- This site is optimized with the Yoast SEO plugin v27.3 - https:\/\/yoast.com\/product\/yoast-seo-wordpress\/ -->\n<title>Services -<\/title>\n<meta name=\"description\" content=\"Steuern, Personalwesen, Finanz- und Rechnungswesen, Vorsorge, Finanzierung und Projektierungen\" \/>\n<meta name=\"robots\" content=\"index, follow, max-snippet:-1, max-image-preview:large, max-video-preview:-1\" \/>\n<link rel=\"canonical\" href=\"https:\/\/fiboo.ch\/index.php\/services\/\" \/>\n<meta property=\"og:locale\" content=\"de_DE\" \/>\n<meta property=\"og:type\" content=\"article\" \/>\n<meta property=\"og:title\" content=\"Services -\" \/>\n<meta property=\"og:description\" content=\"Steuern, Personalwesen, Finanz- und Rechnungswesen, Vorsorge, Finanzierung und Projektierungen\" \/>\n<meta property=\"og:url\" content=\"https:\/\/fiboo.ch\/index.php\/services\/\" \/>\n<meta property=\"article:modified_time\" content=\"2024-03-13T15:57:01+00:00\" \/>\n<meta property=\"og:image\" content=\"https:\/\/fiboo.ch\/wp-content\/uploads\/2024\/03\/photodune-5292925-save-to-study-m-1536x921-1-1024x614.jpg\" \/>\n<meta name=\"twitter:card\" content=\"summary_large_image\" \/>\n<meta name=\"twitter:label1\" content=\"Gesch\u00e4tzte Lesezeit\" \/>\n\t<meta name=\"twitter:data1\" content=\"1\u00a0Minute\" \/>\n<script type=\"application\/ld+json\" class=\"yoast-schema-graph\">{\"@context\":\"https:\\\/\\\/schema.org\",\"@graph\":[{\"@type\":\"WebPage\",\"@id\":\"https:\\\/\\\/fiboo.ch\\\/index.php\\\/services\\\/\",\"url\":\"https:\\\/\\\/fiboo.ch\\\/index.php\\\/services\\\/\",\"name\":\"Services -\",\"isPartOf\":{\"@id\":\"https:\\\/\\\/fiboo.ch\\\/#website\"},\"primaryImageOfPage\":{\"@id\":\"https:\\\/\\\/fiboo.ch\\\/index.php\\\/services\\\/#primaryimage\"},\"image\":{\"@id\":\"https:\\\/\\\/fiboo.ch\\\/index.php\\\/services\\\/#primaryimage\"},\"thumbnailUrl\":\"https:\\\/\\\/fiboo.ch\\\/wp-content\\\/uploads\\\/2024\\\/03\\\/photodune-5292925-save-to-study-m-1536x921-1-1024x614.jpg\",\"datePublished\":\"2024-03-07T11:41:49+00:00\",\"dateModified\":\"2024-03-13T15:57:01+00:00\",\"description\":\"Steuern, Personalwesen, Finanz- und Rechnungswesen, Vorsorge, Finanzierung und Projektierungen\",\"breadcrumb\":{\"@id\":\"https:\\\/\\\/fiboo.ch\\\/index.php\\\/services\\\/#breadcrumb\"},\"inLanguage\":\"de\",\"potentialAction\":[{\"@type\":\"ReadAction\",\"target\":[\"https:\\\/\\\/fiboo.ch\\\/index.php\\\/services\\\/\"]}]},{\"@type\":\"ImageObject\",\"inLanguage\":\"de\",\"@id\":\"https:\\\/\\\/fiboo.ch\\\/index.php\\\/services\\\/#primaryimage\",\"url\":\"https:\\\/\\\/fiboo.ch\\\/wp-content\\\/uploads\\\/2024\\\/03\\\/photodune-5292925-save-to-study-m-1536x921-1.jpg\",\"contentUrl\":\"https:\\\/\\\/fiboo.ch\\\/wp-content\\\/uploads\\\/2024\\\/03\\\/photodune-5292925-save-to-study-m-1536x921-1.jpg\",\"width\":1536,\"height\":921,\"caption\":\"Piggy bank over colorful books against blue wall - rendering\"},{\"@type\":\"BreadcrumbList\",\"@id\":\"https:\\\/\\\/fiboo.ch\\\/index.php\\\/services\\\/#breadcrumb\",\"itemListElement\":[{\"@type\":\"ListItem\",\"position\":1,\"name\":\"Startseite\",\"item\":\"https:\\\/\\\/fiboo.ch\\\/\"},{\"@type\":\"ListItem\",\"position\":2,\"name\":\"Services\"}]},{\"@type\":\"WebSite\",\"@id\":\"https:\\\/\\\/fiboo.ch\\\/#website\",\"url\":\"https:\\\/\\\/fiboo.ch\\\/\",\"name\":\"fiboo Treunahnd\",\"description\":\"Unsere Erfahrung, Ihr Gewinn!\",\"publisher\":{\"@id\":\"https:\\\/\\\/fiboo.ch\\\/#organization\"},\"potentialAction\":[{\"@type\":\"SearchAction\",\"target\":{\"@type\":\"EntryPoint\",\"urlTemplate\":\"https:\\\/\\\/fiboo.ch\\\/?s={search_term_string}\"},\"query-input\":{\"@type\":\"PropertyValueSpecification\",\"valueRequired\":true,\"valueName\":\"search_term_string\"}}],\"inLanguage\":\"de\"},{\"@type\":\"Organization\",\"@id\":\"https:\\\/\\\/fiboo.ch\\\/#organization\",\"name\":\"fiboo\",\"url\":\"https:\\\/\\\/fiboo.ch\\\/\",\"logo\":{\"@type\":\"ImageObject\",\"inLanguage\":\"de\",\"@id\":\"https:\\\/\\\/fiboo.ch\\\/#\\\/schema\\\/logo\\\/image\\\/\",\"url\":\"https:\\\/\\\/fiboo.ch\\\/wp-content\\\/uploads\\\/2024\\\/03\\\/cropped-Logo_FIboo-300x100-1.png\",\"contentUrl\":\"https:\\\/\\\/fiboo.ch\\\/wp-content\\\/uploads\\\/2024\\\/03\\\/cropped-Logo_FIboo-300x100-1.png\",\"width\":248,\"height\":82,\"caption\":\"fiboo\"},\"image\":{\"@id\":\"https:\\\/\\\/fiboo.ch\\\/#\\\/schema\\\/logo\\\/image\\\/\"}}]}<\/script>\n<!-- \/ Yoast SEO plugin. -->","yoast_head_json":{"title":"Services -","description":"Steuern, Personalwesen, Finanz- und Rechnungswesen, Vorsorge, Finanzierung und Projektierungen","robots":{"index":"index","follow":"follow","max-snippet":"max-snippet:-1","max-image-preview":"max-image-preview:large","max-video-preview":"max-video-preview:-1"},"canonical":"https:\/\/fiboo.ch\/index.php\/services\/","og_locale":"de_DE","og_type":"article","og_title":"Services -","og_description":"Steuern, Personalwesen, Finanz- und Rechnungswesen, Vorsorge, Finanzierung und Projektierungen","og_url":"https:\/\/fiboo.ch\/index.php\/services\/","article_modified_time":"2024-03-13T15:57:01+00:00","og_image":[{"url":"https:\/\/fiboo.ch\/wp-content\/uploads\/2024\/03\/photodune-5292925-save-to-study-m-1536x921-1-1024x614.jpg","type":"","width":"","height":""}],"twitter_card":"summary_large_image","twitter_misc":{"Gesch\u00e4tzte Lesezeit":"1\u00a0Minute"},"schema":{"@context":"https:\/\/schema.org","@graph":[{"@type":"WebPage","@id":"https:\/\/fiboo.ch\/index.php\/services\/","url":"https:\/\/fiboo.ch\/index.php\/services\/","name":"Services -","isPartOf":{"@id":"https:\/\/fiboo.ch\/#website"},"primaryImageOfPage":{"@id":"https:\/\/fiboo.ch\/index.php\/services\/#primaryimage"},"image":{"@id":"https:\/\/fiboo.ch\/index.php\/services\/#primaryimage"},"thumbnailUrl":"https:\/\/fiboo.ch\/wp-content\/uploads\/2024\/03\/photodune-5292925-save-to-study-m-1536x921-1-1024x614.jpg","datePublished":"2024-03-07T11:41:49+00:00","dateModified":"2024-03-13T15:57:01+00:00","description":"Steuern, Personalwesen, Finanz- und Rechnungswesen, Vorsorge, Finanzierung und Projektierungen","breadcrumb":{"@id":"https:\/\/fiboo.ch\/index.php\/services\/#breadcrumb"},"inLanguage":"de","potentialAction":[{"@type":"ReadAction","target":["https:\/\/fiboo.ch\/index.php\/services\/"]}]},{"@type":"ImageObject","inLanguage":"de","@id":"https:\/\/fiboo.ch\/index.php\/services\/#primaryimage","url":"https:\/\/fiboo.ch\/wp-content\/uploads\/2024\/03\/photodune-5292925-save-to-study-m-1536x921-1.jpg","contentUrl":"https:\/\/fiboo.ch\/wp-content\/uploads\/2024\/03\/photodune-5292925-save-to-study-m-1536x921-1.jpg","width":1536,"height":921,"caption":"Piggy bank over colorful books against blue wall - rendering"},{"@type":"BreadcrumbList","@id":"https:\/\/fiboo.ch\/index.php\/services\/#breadcrumb","itemListElement":[{"@type":"ListItem","position":1,"name":"Startseite","item":"https:\/\/fiboo.ch\/"},{"@type":"ListItem","position":2,"name":"Services"}]},{"@type":"WebSite","@id":"https:\/\/fiboo.ch\/#website","url":"https:\/\/fiboo.ch\/","name":"fiboo Treunahnd","description":"Unsere Erfahrung, Ihr Gewinn!","publisher":{"@id":"https:\/\/fiboo.ch\/#organization"},"potentialAction":[{"@type":"SearchAction","target":{"@type":"EntryPoint","urlTemplate":"https:\/\/fiboo.ch\/?s={search_term_string}"},"query-input":{"@type":"PropertyValueSpecification","valueRequired":true,"valueName":"search_term_string"}}],"inLanguage":"de"},{"@type":"Organization","@id":"https:\/\/fiboo.ch\/#organization","name":"fiboo","url":"https:\/\/fiboo.ch\/","logo":{"@type":"ImageObject","inLanguage":"de","@id":"https:\/\/fiboo.ch\/#\/schema\/logo\/image\/","url":"https:\/\/fiboo.ch\/wp-content\/uploads\/2024\/03\/cropped-Logo_FIboo-300x100-1.png","contentUrl":"https:\/\/fiboo.ch\/wp-content\/uploads\/2024\/03\/cropped-Logo_FIboo-300x100-1.png","width":248,"height":82,"caption":"fiboo"},"image":{"@id":"https:\/\/fiboo.ch\/#\/schema\/logo\/image\/"}}]}},"_links":{"self":[{"href":"https:\/\/fiboo.ch\/index.php\/wp-json\/wp\/v2\/pages\/101","targetHints":{"allow":["GET"]}}],"collection":[{"href":"https:\/\/fiboo.ch\/index.php\/wp-json\/wp\/v2\/pages"}],"about":[{"href":"https:\/\/fiboo.ch\/index.php\/wp-json\/wp\/v2\/types\/page"}],"author":[{"embeddable":true,"href":"https:\/\/fiboo.ch\/index.php\/wp-json\/wp\/v2\/users\/1"}],"replies":[{"embeddable":true,"href":"https:\/\/fiboo.ch\/index.php\/wp-json\/wp\/v2\/comments?post=101"}],"version-history":[{"count":2,"href":"https:\/\/fiboo.ch\/index.php\/wp-json\/wp\/v2\/pages\/101\/revisions"}],"predecessor-version":[{"id":149,"href":"https:\/\/fiboo.ch\/index.php\/wp-json\/wp\/v2\/pages\/101\/revisions\/149"}],"wp:attachment":[{"href":"https:\/\/fiboo.ch\/index.php\/wp-json\/wp\/v2\/media?parent=101"}],"curies":[{"name":"wp","href":"https:\/\/api.w.org\/{rel}","templated":true}]}}