{"id":130,"date":"2024-03-07T12:43:39","date_gmt":"2024-03-07T11:43:39","guid":{"rendered":"https:\/\/fiboo.ch\/?page_id=130"},"modified":"2024-03-13T16:42:49","modified_gmt":"2024-03-13T15:42:49","slug":"ueber-mich","status":"publish","type":"page","link":"https:\/\/fiboo.ch\/index.php\/ueber-mich\/","title":{"rendered":"\u00dcber mich"},"content":{"rendered":"\n<p>Ich unterst\u00fctze Sie in Fragen der&nbsp;<strong>Vorsorge<\/strong>, der&nbsp;<strong>Finanzierung von Immobilien<\/strong>&nbsp;und bin Ihr Partner f\u00fcr s\u00e4mtliche Fragen in Bezug auf&nbsp;<strong>Finanzen<\/strong>,<strong>&nbsp;Steuern<\/strong>, Personal,&nbsp;<strong>Administration<\/strong>&nbsp;und \u00fcbernehme auch die Projektierung von Einf\u00fchrungen diverser Neuerungen, so auch im Bereich IT.<\/p>\n\n\n\n<p>Meine St\u00e4rke ist es, dass ich ein Praktiker bin. Ich habe von der Pike auf gelernt. War stets praktisch eingebunden und habe mich berufsbegleitend stetig weiter gebildet.<\/p>\n\n\n\n<p><strong>Meine Erfahrung und mein breites Wissen sind mein Kapital und Ihr Gewinn.<\/strong><\/p>\n\n\n\n<p>Ich werde&nbsp;<strong>Ihr starker Partner im Hintergrund<\/strong>&nbsp;sein, der Ihnen Raum und Zeit gibt f\u00fcr Ihre Kernkompetenzen.&nbsp;<strong>Unkompliziert, effizient<\/strong>&nbsp;und&nbsp;<strong>flexibel<\/strong>&nbsp;l\u00f6se ich Ihre Aufgaben und halte Ihnen somit den R\u00fccken frei.<\/p>\n\n\n\n<p>Ich blicke zur\u00fcck auf eine abwechslungsreiche Entwicklung in verschiedenen Branchen. Dies hat mich gepr\u00e4gt und den Blick ge\u00f6ffnet f\u00fcr die diversen Zusammenh\u00e4nge im Bereich der betriebswirtschaftlichen Unternehmensf\u00fchrung.<\/p>\n\n\n\n<p><strong>Erfahrungen die ich gesammelt habe<\/strong><\/p>\n\n\n\n<ul class=\"wp-block-list\">\n<li>Verwaltungslehre Gemeinde Zuzwil<\/li>\n\n\n\n<li>Grundbuchamt, Betreibungsamt und Gemeindekassieramt Zuzwil<\/li>\n\n\n\n<li>Organisation St. Galler Kantonalbank<\/li>\n\n\n\n<li>Hypotheken und Kredite St.Galler Kantonalbank<\/li>\n\n\n\n<li>Gesch\u00e4ftsf\u00fchrung Gastronomie Wil und Oberuzwil<\/li>\n\n\n\n<li>Rechnungswesen Malerei Roos Flawil<\/li>\n\n\n\n<li>Sachbearbeiterin Treuhand Gebert Wil<\/li>\n\n\n\n<li>Sachbearbeiterin Immobilientreuhand Vetter, Lommis<\/li>\n\n\n\n<li>Leiterin Personal, IT, Finanz- und Rechnungswesen,&nbsp;Mitglied der Gesch\u00e4ftsleitung Rutishauser Weinkellerei AG, Scherzingen<\/li>\n\n\n\n<li>Aufbau Rapportwesen mit internationaler Muttergesellschaft Baarsma Hilversum<\/li>\n\n\n\n<li>Diverse VR Mandate<\/li>\n\n\n\n<li>CFO, Grolimund Gartenbau AG Erlen<\/li>\n<\/ul>\n\n\n\n<figure class=\"wp-block-image size-full\"><img loading=\"lazy\" decoding=\"async\" width=\"1024\" height=\"819\" src=\"https:\/\/fiboo.ch\/wp-content\/uploads\/2024\/03\/bill_fiboo-1024x819-1.jpg\" alt=\"\" class=\"wp-image-11\" srcset=\"https:\/\/fiboo.ch\/wp-content\/uploads\/2024\/03\/bill_fiboo-1024x819-1.jpg 1024w, https:\/\/fiboo.ch\/wp-content\/uploads\/2024\/03\/bill_fiboo-1024x819-1-300x240.jpg 300w, https:\/\/fiboo.ch\/wp-content\/uploads\/2024\/03\/bill_fiboo-1024x819-1-768x614.jpg 768w\" sizes=\"auto, (max-width: 1024px) 100vw, 1024px\" \/><\/figure>\n","protected":false},"excerpt":{"rendered":"<p>Ich unterst\u00fctze Sie in Fragen der&nbsp;Vorsorge, der&nbsp;Finanzierung von Immobilien&nbsp;und bin Ihr Partner f\u00fcr s\u00e4mtliche Fragen in Bezug auf&nbsp;Finanzen,&nbsp;Steuern, Personal,&nbsp;Administration&nbsp;und \u00fcbernehme auch die Projektierung von Einf\u00fchrungen diverser Neuerungen, so auch im Bereich IT. Meine St\u00e4rke ist es, dass ich ein Praktiker bin. Ich habe von der Pike auf gelernt. War stets praktisch eingebunden und habe mich &hellip; <a href=\"https:\/\/fiboo.ch\/index.php\/ueber-mich\/\" class=\"more-link\"><span class=\"screen-reader-text\">\u00dcber mich<\/span> weiterlesen<\/a><\/p>\n","protected":false},"author":1,"featured_media":0,"parent":0,"menu_order":0,"comment_status":"closed","ping_status":"closed","template":"","meta":{"footnotes":""},"class_list":["post-130","page","type-page","status-publish","hentry"],"yoast_head":"<!-- This site is optimized with the Yoast SEO plugin v27.3 - https:\/\/yoast.com\/product\/yoast-seo-wordpress\/ -->\n<title>\u00dcber mich -<\/title>\n<meta name=\"description\" content=\"Vorsorge, Finanzierung, Immobilien,\u00a0Finanzen,\u00a0Steuern, Personal,\u00a0Administration\" \/>\n<meta name=\"robots\" content=\"index, follow, max-snippet:-1, max-image-preview:large, max-video-preview:-1\" \/>\n<link rel=\"canonical\" href=\"https:\/\/fiboo.ch\/index.php\/ueber-mich\/\" \/>\n<meta property=\"og:locale\" content=\"de_DE\" \/>\n<meta property=\"og:type\" content=\"article\" \/>\n<meta property=\"og:title\" content=\"\u00dcber mich -\" \/>\n<meta property=\"og:description\" content=\"Vorsorge, Finanzierung, Immobilien,\u00a0Finanzen,\u00a0Steuern, Personal,\u00a0Administration\" \/>\n<meta property=\"og:url\" content=\"https:\/\/fiboo.ch\/index.php\/ueber-mich\/\" \/>\n<meta property=\"article:modified_time\" content=\"2024-03-13T15:42:49+00:00\" \/>\n<meta property=\"og:image\" content=\"https:\/\/fiboo.ch\/wp-content\/uploads\/2024\/03\/bill_fiboo-1024x819-1.jpg\" \/>\n<meta name=\"twitter:card\" content=\"summary_large_image\" \/>\n<meta name=\"twitter:label1\" content=\"Gesch\u00e4tzte Lesezeit\" \/>\n\t<meta name=\"twitter:data1\" content=\"2\u00a0Minuten\" \/>\n<script type=\"application\/ld+json\" class=\"yoast-schema-graph\">{\"@context\":\"https:\\\/\\\/schema.org\",\"@graph\":[{\"@type\":\"WebPage\",\"@id\":\"https:\\\/\\\/fiboo.ch\\\/index.php\\\/ueber-mich\\\/\",\"url\":\"https:\\\/\\\/fiboo.ch\\\/index.php\\\/ueber-mich\\\/\",\"name\":\"\u00dcber mich -\",\"isPartOf\":{\"@id\":\"https:\\\/\\\/fiboo.ch\\\/#website\"},\"primaryImageOfPage\":{\"@id\":\"https:\\\/\\\/fiboo.ch\\\/index.php\\\/ueber-mich\\\/#primaryimage\"},\"image\":{\"@id\":\"https:\\\/\\\/fiboo.ch\\\/index.php\\\/ueber-mich\\\/#primaryimage\"},\"thumbnailUrl\":\"https:\\\/\\\/fiboo.ch\\\/wp-content\\\/uploads\\\/2024\\\/03\\\/bill_fiboo-1024x819-1.jpg\",\"datePublished\":\"2024-03-07T11:43:39+00:00\",\"dateModified\":\"2024-03-13T15:42:49+00:00\",\"description\":\"Vorsorge, Finanzierung, Immobilien,\u00a0Finanzen,\u00a0Steuern, Personal,\u00a0Administration\",\"breadcrumb\":{\"@id\":\"https:\\\/\\\/fiboo.ch\\\/index.php\\\/ueber-mich\\\/#breadcrumb\"},\"inLanguage\":\"de\",\"potentialAction\":[{\"@type\":\"ReadAction\",\"target\":[\"https:\\\/\\\/fiboo.ch\\\/index.php\\\/ueber-mich\\\/\"]}]},{\"@type\":\"ImageObject\",\"inLanguage\":\"de\",\"@id\":\"https:\\\/\\\/fiboo.ch\\\/index.php\\\/ueber-mich\\\/#primaryimage\",\"url\":\"https:\\\/\\\/fiboo.ch\\\/wp-content\\\/uploads\\\/2024\\\/03\\\/bill_fiboo-1024x819-1.jpg\",\"contentUrl\":\"https:\\\/\\\/fiboo.ch\\\/wp-content\\\/uploads\\\/2024\\\/03\\\/bill_fiboo-1024x819-1.jpg\",\"width\":1024,\"height\":819},{\"@type\":\"BreadcrumbList\",\"@id\":\"https:\\\/\\\/fiboo.ch\\\/index.php\\\/ueber-mich\\\/#breadcrumb\",\"itemListElement\":[{\"@type\":\"ListItem\",\"position\":1,\"name\":\"Startseite\",\"item\":\"https:\\\/\\\/fiboo.ch\\\/\"},{\"@type\":\"ListItem\",\"position\":2,\"name\":\"\u00dcber mich\"}]},{\"@type\":\"WebSite\",\"@id\":\"https:\\\/\\\/fiboo.ch\\\/#website\",\"url\":\"https:\\\/\\\/fiboo.ch\\\/\",\"name\":\"fiboo Treunahnd\",\"description\":\"Unsere Erfahrung, Ihr Gewinn!\",\"publisher\":{\"@id\":\"https:\\\/\\\/fiboo.ch\\\/#organization\"},\"potentialAction\":[{\"@type\":\"SearchAction\",\"target\":{\"@type\":\"EntryPoint\",\"urlTemplate\":\"https:\\\/\\\/fiboo.ch\\\/?s={search_term_string}\"},\"query-input\":{\"@type\":\"PropertyValueSpecification\",\"valueRequired\":true,\"valueName\":\"search_term_string\"}}],\"inLanguage\":\"de\"},{\"@type\":\"Organization\",\"@id\":\"https:\\\/\\\/fiboo.ch\\\/#organization\",\"name\":\"fiboo\",\"url\":\"https:\\\/\\\/fiboo.ch\\\/\",\"logo\":{\"@type\":\"ImageObject\",\"inLanguage\":\"de\",\"@id\":\"https:\\\/\\\/fiboo.ch\\\/#\\\/schema\\\/logo\\\/image\\\/\",\"url\":\"https:\\\/\\\/fiboo.ch\\\/wp-content\\\/uploads\\\/2024\\\/03\\\/cropped-Logo_FIboo-300x100-1.png\",\"contentUrl\":\"https:\\\/\\\/fiboo.ch\\\/wp-content\\\/uploads\\\/2024\\\/03\\\/cropped-Logo_FIboo-300x100-1.png\",\"width\":248,\"height\":82,\"caption\":\"fiboo\"},\"image\":{\"@id\":\"https:\\\/\\\/fiboo.ch\\\/#\\\/schema\\\/logo\\\/image\\\/\"}}]}<\/script>\n<!-- \/ Yoast SEO plugin. -->","yoast_head_json":{"title":"\u00dcber mich -","description":"Vorsorge, Finanzierung, Immobilien,\u00a0Finanzen,\u00a0Steuern, Personal,\u00a0Administration","robots":{"index":"index","follow":"follow","max-snippet":"max-snippet:-1","max-image-preview":"max-image-preview:large","max-video-preview":"max-video-preview:-1"},"canonical":"https:\/\/fiboo.ch\/index.php\/ueber-mich\/","og_locale":"de_DE","og_type":"article","og_title":"\u00dcber mich -","og_description":"Vorsorge, Finanzierung, Immobilien,\u00a0Finanzen,\u00a0Steuern, Personal,\u00a0Administration","og_url":"https:\/\/fiboo.ch\/index.php\/ueber-mich\/","article_modified_time":"2024-03-13T15:42:49+00:00","og_image":[{"url":"https:\/\/fiboo.ch\/wp-content\/uploads\/2024\/03\/bill_fiboo-1024x819-1.jpg","type":"","width":"","height":""}],"twitter_card":"summary_large_image","twitter_misc":{"Gesch\u00e4tzte Lesezeit":"2\u00a0Minuten"},"schema":{"@context":"https:\/\/schema.org","@graph":[{"@type":"WebPage","@id":"https:\/\/fiboo.ch\/index.php\/ueber-mich\/","url":"https:\/\/fiboo.ch\/index.php\/ueber-mich\/","name":"\u00dcber mich -","isPartOf":{"@id":"https:\/\/fiboo.ch\/#website"},"primaryImageOfPage":{"@id":"https:\/\/fiboo.ch\/index.php\/ueber-mich\/#primaryimage"},"image":{"@id":"https:\/\/fiboo.ch\/index.php\/ueber-mich\/#primaryimage"},"thumbnailUrl":"https:\/\/fiboo.ch\/wp-content\/uploads\/2024\/03\/bill_fiboo-1024x819-1.jpg","datePublished":"2024-03-07T11:43:39+00:00","dateModified":"2024-03-13T15:42:49+00:00","description":"Vorsorge, Finanzierung, Immobilien,\u00a0Finanzen,\u00a0Steuern, Personal,\u00a0Administration","breadcrumb":{"@id":"https:\/\/fiboo.ch\/index.php\/ueber-mich\/#breadcrumb"},"inLanguage":"de","potentialAction":[{"@type":"ReadAction","target":["https:\/\/fiboo.ch\/index.php\/ueber-mich\/"]}]},{"@type":"ImageObject","inLanguage":"de","@id":"https:\/\/fiboo.ch\/index.php\/ueber-mich\/#primaryimage","url":"https:\/\/fiboo.ch\/wp-content\/uploads\/2024\/03\/bill_fiboo-1024x819-1.jpg","contentUrl":"https:\/\/fiboo.ch\/wp-content\/uploads\/2024\/03\/bill_fiboo-1024x819-1.jpg","width":1024,"height":819},{"@type":"BreadcrumbList","@id":"https:\/\/fiboo.ch\/index.php\/ueber-mich\/#breadcrumb","itemListElement":[{"@type":"ListItem","position":1,"name":"Startseite","item":"https:\/\/fiboo.ch\/"},{"@type":"ListItem","position":2,"name":"\u00dcber mich"}]},{"@type":"WebSite","@id":"https:\/\/fiboo.ch\/#website","url":"https:\/\/fiboo.ch\/","name":"fiboo Treunahnd","description":"Unsere Erfahrung, Ihr Gewinn!","publisher":{"@id":"https:\/\/fiboo.ch\/#organization"},"potentialAction":[{"@type":"SearchAction","target":{"@type":"EntryPoint","urlTemplate":"https:\/\/fiboo.ch\/?s={search_term_string}"},"query-input":{"@type":"PropertyValueSpecification","valueRequired":true,"valueName":"search_term_string"}}],"inLanguage":"de"},{"@type":"Organization","@id":"https:\/\/fiboo.ch\/#organization","name":"fiboo","url":"https:\/\/fiboo.ch\/","logo":{"@type":"ImageObject","inLanguage":"de","@id":"https:\/\/fiboo.ch\/#\/schema\/logo\/image\/","url":"https:\/\/fiboo.ch\/wp-content\/uploads\/2024\/03\/cropped-Logo_FIboo-300x100-1.png","contentUrl":"https:\/\/fiboo.ch\/wp-content\/uploads\/2024\/03\/cropped-Logo_FIboo-300x100-1.png","width":248,"height":82,"caption":"fiboo"},"image":{"@id":"https:\/\/fiboo.ch\/#\/schema\/logo\/image\/"}}]}},"_links":{"self":[{"href":"https:\/\/fiboo.ch\/index.php\/wp-json\/wp\/v2\/pages\/130","targetHints":{"allow":["GET"]}}],"collection":[{"href":"https:\/\/fiboo.ch\/index.php\/wp-json\/wp\/v2\/pages"}],"about":[{"href":"https:\/\/fiboo.ch\/index.php\/wp-json\/wp\/v2\/types\/page"}],"author":[{"embeddable":true,"href":"https:\/\/fiboo.ch\/index.php\/wp-json\/wp\/v2\/users\/1"}],"replies":[{"embeddable":true,"href":"https:\/\/fiboo.ch\/index.php\/wp-json\/wp\/v2\/comments?post=130"}],"version-history":[{"count":1,"href":"https:\/\/fiboo.ch\/index.php\/wp-json\/wp\/v2\/pages\/130\/revisions"}],"predecessor-version":[{"id":131,"href":"https:\/\/fiboo.ch\/index.php\/wp-json\/wp\/v2\/pages\/130\/revisions\/131"}],"wp:attachment":[{"href":"https:\/\/fiboo.ch\/index.php\/wp-json\/wp\/v2\/media?parent=130"}],"curies":[{"name":"wp","href":"https:\/\/api.w.org\/{rel}","templated":true}]}}