{"id":132,"date":"2024-03-07T12:44:25","date_gmt":"2024-03-07T11:44:25","guid":{"rendered":"https:\/\/fiboo.ch\/?page_id=132"},"modified":"2024-03-07T12:44:26","modified_gmt":"2024-03-07T11:44:26","slug":"impressum","status":"publish","type":"page","link":"https:\/\/fiboo.ch\/index.php\/impressum\/","title":{"rendered":"Impressum"},"content":{"rendered":"\n<p><strong>Kontaktadresse und verantwortlich f\u00fcr Inhalt und Bilder<\/strong><br>Fiboo Treuhand<br>Regula Lorenz<br>Stockenstr. 12a<br>9249 Algetshausen<br>Schweiz<\/p>\n\n\n\n<p><a href=\"mailto:info@fiboo.ch\">info@fiboo.ch<\/a><\/p>\n\n\n\n<p><strong>Haftungsausschluss<\/strong><\/p>\n\n\n\n<p>Der Autor \u00fcbernimmt keinerlei Gew\u00e4hr hinsichtlich der inhaltlichen Richtigkeit, Genauigkeit, Aktualit\u00e4t, Zuverl\u00e4ssigkeit und Vollst\u00e4ndigkeit der Informationen.<br>Haftungsanspr\u00fcche gegen den Autor wegen Sch\u00e4den materieller oder immaterieller Art, welche aus dem Zugriff oder der Nutzung bzw. Nichtnutzung der ver\u00f6ffentlichten Informationen, durch Missbrauch der Verbindung oder durch technische St\u00f6rungen entstanden sind, werden ausgeschlossen.<br>Alle Angebote sind unverbindlich. Der Autor beh\u00e4lt es sich ausdr\u00fccklich vor, Teile der Seiten oder das gesamte Angebot ohne gesonderte Ank\u00fcndigung zu ver\u00e4ndern, zu erg\u00e4nzen, zu l\u00f6schen oder die Ver\u00f6ffentlichung zeitweise oder endg\u00fcltig einzustellen.<\/p>\n\n\n\n<p><strong>Haftung f\u00fcr Links<\/strong><br>Verweise und Links auf Webseiten Dritter liegen ausserhalb unseres Verantwortungsbereichs Es wird jegliche Verantwortung f\u00fcr solche Webseiten abgelehnt. Der Zugriff und die Nutzung solcher Webseiten erfolgen auf eigene Gefahr des Nutzers oder der Nutzerin.<strong>Urheberrechte<\/strong><br>Die Urheber- und alle anderen Rechte an Inhalten, Bildern, Fotos oder anderen Dateien auf der Website geh\u00f6ren den speziell genannten Rechtsinhabern. F\u00fcr die Reproduktion jeglicher Elemente ist die schriftliche Zustimmung der Urheberrechtstr\u00e4ger n\u00f6tig.<\/p>\n","protected":false},"excerpt":{"rendered":"<p>Kontaktadresse und verantwortlich f\u00fcr Inhalt und BilderFiboo TreuhandRegula LorenzStockenstr. 12a9249 AlgetshausenSchweiz info@fiboo.ch Haftungsausschluss Der Autor \u00fcbernimmt keinerlei Gew\u00e4hr hinsichtlich der inhaltlichen Richtigkeit, Genauigkeit, Aktualit\u00e4t, Zuverl\u00e4ssigkeit und Vollst\u00e4ndigkeit der Informationen.Haftungsanspr\u00fcche gegen den Autor wegen Sch\u00e4den materieller oder immaterieller Art, welche aus dem Zugriff oder der Nutzung bzw. Nichtnutzung der ver\u00f6ffentlichten Informationen, durch Missbrauch der Verbindung oder &hellip; <a href=\"https:\/\/fiboo.ch\/index.php\/impressum\/\" class=\"more-link\"><span class=\"screen-reader-text\">Impressum<\/span> weiterlesen<\/a><\/p>\n","protected":false},"author":1,"featured_media":0,"parent":0,"menu_order":0,"comment_status":"closed","ping_status":"closed","template":"","meta":{"footnotes":""},"class_list":["post-132","page","type-page","status-publish","hentry"],"yoast_head":"<!-- This site is optimized with the Yoast SEO plugin v27.3 - https:\/\/yoast.com\/product\/yoast-seo-wordpress\/ -->\n<title>Impressum -<\/title>\n<meta name=\"robots\" content=\"index, follow, max-snippet:-1, max-image-preview:large, max-video-preview:-1\" \/>\n<link rel=\"canonical\" href=\"https:\/\/fiboo.ch\/index.php\/impressum\/\" \/>\n<meta property=\"og:locale\" content=\"de_DE\" \/>\n<meta property=\"og:type\" content=\"article\" \/>\n<meta property=\"og:title\" content=\"Impressum -\" \/>\n<meta property=\"og:description\" content=\"Kontaktadresse und verantwortlich f\u00fcr Inhalt und BilderFiboo TreuhandRegula LorenzStockenstr. 12a9249 AlgetshausenSchweiz info@fiboo.ch Haftungsausschluss Der Autor \u00fcbernimmt keinerlei Gew\u00e4hr hinsichtlich der inhaltlichen Richtigkeit, Genauigkeit, Aktualit\u00e4t, Zuverl\u00e4ssigkeit und Vollst\u00e4ndigkeit der Informationen.Haftungsanspr\u00fcche gegen den Autor wegen Sch\u00e4den materieller oder immaterieller Art, welche aus dem Zugriff oder der Nutzung bzw. Nichtnutzung der ver\u00f6ffentlichten Informationen, durch Missbrauch der Verbindung oder &hellip; Impressum weiterlesen\" \/>\n<meta property=\"og:url\" content=\"https:\/\/fiboo.ch\/index.php\/impressum\/\" \/>\n<meta property=\"article:modified_time\" content=\"2024-03-07T11:44:26+00:00\" \/>\n<meta name=\"twitter:card\" content=\"summary_large_image\" \/>\n<meta name=\"twitter:label1\" content=\"Gesch\u00e4tzte Lesezeit\" \/>\n\t<meta name=\"twitter:data1\" content=\"1\u00a0Minute\" \/>\n<script type=\"application\/ld+json\" class=\"yoast-schema-graph\">{\"@context\":\"https:\\\/\\\/schema.org\",\"@graph\":[{\"@type\":\"WebPage\",\"@id\":\"https:\\\/\\\/fiboo.ch\\\/index.php\\\/impressum\\\/\",\"url\":\"https:\\\/\\\/fiboo.ch\\\/index.php\\\/impressum\\\/\",\"name\":\"Impressum -\",\"isPartOf\":{\"@id\":\"https:\\\/\\\/fiboo.ch\\\/#website\"},\"datePublished\":\"2024-03-07T11:44:25+00:00\",\"dateModified\":\"2024-03-07T11:44:26+00:00\",\"breadcrumb\":{\"@id\":\"https:\\\/\\\/fiboo.ch\\\/index.php\\\/impressum\\\/#breadcrumb\"},\"inLanguage\":\"de\",\"potentialAction\":[{\"@type\":\"ReadAction\",\"target\":[\"https:\\\/\\\/fiboo.ch\\\/index.php\\\/impressum\\\/\"]}]},{\"@type\":\"BreadcrumbList\",\"@id\":\"https:\\\/\\\/fiboo.ch\\\/index.php\\\/impressum\\\/#breadcrumb\",\"itemListElement\":[{\"@type\":\"ListItem\",\"position\":1,\"name\":\"Startseite\",\"item\":\"https:\\\/\\\/fiboo.ch\\\/\"},{\"@type\":\"ListItem\",\"position\":2,\"name\":\"Impressum\"}]},{\"@type\":\"WebSite\",\"@id\":\"https:\\\/\\\/fiboo.ch\\\/#website\",\"url\":\"https:\\\/\\\/fiboo.ch\\\/\",\"name\":\"fiboo Treunahnd\",\"description\":\"Unsere Erfahrung, Ihr Gewinn!\",\"publisher\":{\"@id\":\"https:\\\/\\\/fiboo.ch\\\/#organization\"},\"potentialAction\":[{\"@type\":\"SearchAction\",\"target\":{\"@type\":\"EntryPoint\",\"urlTemplate\":\"https:\\\/\\\/fiboo.ch\\\/?s={search_term_string}\"},\"query-input\":{\"@type\":\"PropertyValueSpecification\",\"valueRequired\":true,\"valueName\":\"search_term_string\"}}],\"inLanguage\":\"de\"},{\"@type\":\"Organization\",\"@id\":\"https:\\\/\\\/fiboo.ch\\\/#organization\",\"name\":\"fiboo\",\"url\":\"https:\\\/\\\/fiboo.ch\\\/\",\"logo\":{\"@type\":\"ImageObject\",\"inLanguage\":\"de\",\"@id\":\"https:\\\/\\\/fiboo.ch\\\/#\\\/schema\\\/logo\\\/image\\\/\",\"url\":\"https:\\\/\\\/fiboo.ch\\\/wp-content\\\/uploads\\\/2024\\\/03\\\/cropped-Logo_FIboo-300x100-1.png\",\"contentUrl\":\"https:\\\/\\\/fiboo.ch\\\/wp-content\\\/uploads\\\/2024\\\/03\\\/cropped-Logo_FIboo-300x100-1.png\",\"width\":248,\"height\":82,\"caption\":\"fiboo\"},\"image\":{\"@id\":\"https:\\\/\\\/fiboo.ch\\\/#\\\/schema\\\/logo\\\/image\\\/\"}}]}<\/script>\n<!-- \/ Yoast SEO plugin. -->","yoast_head_json":{"title":"Impressum -","robots":{"index":"index","follow":"follow","max-snippet":"max-snippet:-1","max-image-preview":"max-image-preview:large","max-video-preview":"max-video-preview:-1"},"canonical":"https:\/\/fiboo.ch\/index.php\/impressum\/","og_locale":"de_DE","og_type":"article","og_title":"Impressum -","og_description":"Kontaktadresse und verantwortlich f\u00fcr Inhalt und BilderFiboo TreuhandRegula LorenzStockenstr. 12a9249 AlgetshausenSchweiz info@fiboo.ch Haftungsausschluss Der Autor \u00fcbernimmt keinerlei Gew\u00e4hr hinsichtlich der inhaltlichen Richtigkeit, Genauigkeit, Aktualit\u00e4t, Zuverl\u00e4ssigkeit und Vollst\u00e4ndigkeit der Informationen.Haftungsanspr\u00fcche gegen den Autor wegen Sch\u00e4den materieller oder immaterieller Art, welche aus dem Zugriff oder der Nutzung bzw. Nichtnutzung der ver\u00f6ffentlichten Informationen, durch Missbrauch der Verbindung oder &hellip; Impressum weiterlesen","og_url":"https:\/\/fiboo.ch\/index.php\/impressum\/","article_modified_time":"2024-03-07T11:44:26+00:00","twitter_card":"summary_large_image","twitter_misc":{"Gesch\u00e4tzte Lesezeit":"1\u00a0Minute"},"schema":{"@context":"https:\/\/schema.org","@graph":[{"@type":"WebPage","@id":"https:\/\/fiboo.ch\/index.php\/impressum\/","url":"https:\/\/fiboo.ch\/index.php\/impressum\/","name":"Impressum -","isPartOf":{"@id":"https:\/\/fiboo.ch\/#website"},"datePublished":"2024-03-07T11:44:25+00:00","dateModified":"2024-03-07T11:44:26+00:00","breadcrumb":{"@id":"https:\/\/fiboo.ch\/index.php\/impressum\/#breadcrumb"},"inLanguage":"de","potentialAction":[{"@type":"ReadAction","target":["https:\/\/fiboo.ch\/index.php\/impressum\/"]}]},{"@type":"BreadcrumbList","@id":"https:\/\/fiboo.ch\/index.php\/impressum\/#breadcrumb","itemListElement":[{"@type":"ListItem","position":1,"name":"Startseite","item":"https:\/\/fiboo.ch\/"},{"@type":"ListItem","position":2,"name":"Impressum"}]},{"@type":"WebSite","@id":"https:\/\/fiboo.ch\/#website","url":"https:\/\/fiboo.ch\/","name":"fiboo Treunahnd","description":"Unsere Erfahrung, Ihr Gewinn!","publisher":{"@id":"https:\/\/fiboo.ch\/#organization"},"potentialAction":[{"@type":"SearchAction","target":{"@type":"EntryPoint","urlTemplate":"https:\/\/fiboo.ch\/?s={search_term_string}"},"query-input":{"@type":"PropertyValueSpecification","valueRequired":true,"valueName":"search_term_string"}}],"inLanguage":"de"},{"@type":"Organization","@id":"https:\/\/fiboo.ch\/#organization","name":"fiboo","url":"https:\/\/fiboo.ch\/","logo":{"@type":"ImageObject","inLanguage":"de","@id":"https:\/\/fiboo.ch\/#\/schema\/logo\/image\/","url":"https:\/\/fiboo.ch\/wp-content\/uploads\/2024\/03\/cropped-Logo_FIboo-300x100-1.png","contentUrl":"https:\/\/fiboo.ch\/wp-content\/uploads\/2024\/03\/cropped-Logo_FIboo-300x100-1.png","width":248,"height":82,"caption":"fiboo"},"image":{"@id":"https:\/\/fiboo.ch\/#\/schema\/logo\/image\/"}}]}},"_links":{"self":[{"href":"https:\/\/fiboo.ch\/index.php\/wp-json\/wp\/v2\/pages\/132","targetHints":{"allow":["GET"]}}],"collection":[{"href":"https:\/\/fiboo.ch\/index.php\/wp-json\/wp\/v2\/pages"}],"about":[{"href":"https:\/\/fiboo.ch\/index.php\/wp-json\/wp\/v2\/types\/page"}],"author":[{"embeddable":true,"href":"https:\/\/fiboo.ch\/index.php\/wp-json\/wp\/v2\/users\/1"}],"replies":[{"embeddable":true,"href":"https:\/\/fiboo.ch\/index.php\/wp-json\/wp\/v2\/comments?post=132"}],"version-history":[{"count":1,"href":"https:\/\/fiboo.ch\/index.php\/wp-json\/wp\/v2\/pages\/132\/revisions"}],"predecessor-version":[{"id":133,"href":"https:\/\/fiboo.ch\/index.php\/wp-json\/wp\/v2\/pages\/132\/revisions\/133"}],"wp:attachment":[{"href":"https:\/\/fiboo.ch\/index.php\/wp-json\/wp\/v2\/media?parent=132"}],"curies":[{"name":"wp","href":"https:\/\/api.w.org\/{rel}","templated":true}]}}