{"id":134,"date":"2024-03-07T12:45:17","date_gmt":"2024-03-07T11:45:17","guid":{"rendered":"https:\/\/fiboo.ch\/?page_id=134"},"modified":"2024-03-07T12:45:17","modified_gmt":"2024-03-07T11:45:17","slug":"disclaimer","status":"publish","type":"page","link":"https:\/\/fiboo.ch\/index.php\/disclaimer\/","title":{"rendered":"Disclaimer"},"content":{"rendered":"\n<p><strong>Disclaimer f\u00fcr Datenschutz und Datensicherheit<\/strong><strong><\/strong><\/p>\n\n\n\n<ol class=\"wp-block-list\">\n<li>Die Firma FIBOO TREUHAND REGULA LORENZ beachtet selbstverst\u00e4ndlich die Regelungen \u00fcber Datenschutz, namentlich das Datenschutzgesetz und die dazugeh\u00f6rigen Vorordnungen.<\/li>\n\n\n\n<li>Die Firma FIBOO TREUHAND REGULA LORENZ verpflichtet sich, in Systemen, Programmen usw. auf die sie Einfluss hat f\u00fcr Sicherheit nach aktuellem technischen Stand zu sorgen.<\/li>\n\n\n\n<li>Die User der Webseite sowie die Kunden sind sich bewusst, dass sich auch bei sorgf\u00e4ltiger Softwareentwicklung und Wartung Fehler einschleichen k\u00f6nnen, so dass die Firma FIBOO TREUHAND REGULA LORENZ nicht f\u00fcr 100-prozentige Verf\u00fcgbarkeit der Webseite oder der Dienstleistung einstehen kann.<\/li>\n\n\n\n<li>Die Leser der Webseite sowie die Kunden der Firma FIBOO TREUHAND REGULA LORENZ haben f\u00fcr die Sicherheit der Systeme, Programme und Daten zu sorgen, die sich in ihrem Einflussbereich befinden. Die Kunden sollten in eigenem Interesse Passw\u00f6rter und Benutzernamen gegen\u00fcber Dritten geheim halten, wenn n\u00f6tig Passw\u00f6rter in regelm\u00e4\u00dfigen Abst\u00e4nden \u00e4ndern und so gestalten dass man sie nicht leicht ermitteln kann, siehe auch AGB. Firma FIBOO TREUHAND REGULA LORENZ informiert die Kunden \u00fcber Sicherheitsmassnahmen, die sie selber zu treffen haben.<\/li>\n\n\n\n<li>Die Kunden verpflichten sich, keine \u00fcberm\u00e4\u00dfige Belastung der in der Webseite zur Verf\u00fcgung gestellten Plattform durch ungezielte oder unsachgem\u00e4\u00dfe Verbreitung von Daten herbeizuf\u00fchren, insbesondere Spam-Mailings zu unterlassen. Dies wird f\u00fcr die Kunden auch in den AGB festgelegt.<\/li>\n\n\n\n<li>Die Firma FIBOO TREUHAND REGULA LORENZ haftet nicht f\u00fcr M\u00e4ngel und St\u00f6rungen, die sie nicht zu vertreten hat, vor allem nicht f\u00fcr Sicherheitsm\u00e4ngel und Betriebsausf\u00e4lle von Drittunternehmen mit denen sie zusammenarbeitet oder von denen sie abh\u00e4ngig ist.<\/li>\n\n\n\n<li>Weiter haftet die Firma FIBOO TREUHAND REGULA LORENZ nicht f\u00fcr h\u00f6here Gewalt, unsachgem\u00e4\u00dfes Vorgehen und Missachtung der Risiken seitens der User oder Dritter, \u00fcberm\u00e4\u00dfige Beanspruchung, ungeeignete Betriebsmittel der User oder Dritter, extreme Umgebungseinfl\u00fcsse, Eingriffe der User oder St\u00f6rungen durch Dritte (Viren, W\u00fcrmer u.s.w.) die trotz der notwendigen aktuellen Sicherheitsvorkehrungen passieren.<\/li>\n\n\n\n<li>Durch den Besuch der Website des Anbieters werden statistische Informationen \u00fcber den Zugriff wie Datum, Uhrzeit oder die betrachtete Seite gespeichert. Diese Daten geh\u00f6ren nicht zu den personenbezogenen Daten, sondern sind anonymisiert. Sie werden ausschlie\u00dflich zu statistischen Zwecken ausgewertet. Die betreffenden Daten werden innerhalb der Firma FIBOO TREUHAND REGULA LORENZ ausgewertet, aber nicht weitergegeben.<\/li>\n\n\n\n<li>Die Firma FIBOO TREUHAND REGULA LORENZ kann die Daten der Webseitenuser oder der Kunden verarbeiten, wenn es notwendig ist zum Ermitteln und Stoppen von in betr\u00fcgerischer Absicht gelieferten Informationen sowie rechtswidriger oder vertragswidriger Inanspruchnahme, bzw. Missbrauch oder Sch\u00e4digung, der Firma FIBOO TREUHAND REGULA LORENZ oder der Webseite. Zu diesem Zweck darf die Firma FIBOO TREUHAND REGULA LORENZ auch Nutzungsdaten unter anderem mit Hilfe von Cookies ermitteln und verarbeiten, um aus dem Gesamtbestand aller aktuellen Informationen diejenigen herauszufinden bei denen tats\u00e4chliche Anhaltspunkte f\u00fcr Missbrauch bestehen. Die Firma FIBOO TREUHAND REGULA LORENZ kann diese Daten an Strafverfolgungsbeh\u00f6rden sowie in ihren Rechten verletzten Dritten \u00fcbermitteln.<\/li>\n<\/ol>\n\n\n\n<p>Februar 2015<\/p>\n\n\n\n<p><strong>Impressum<\/strong><\/p>\n\n\n\n<p><strong>Kontaktadresse und verantwortlich f\u00fcr Inhalt und Bilder<\/strong><br>Fiboo Treuhand<br>Regula Lorenz<br>Stockenstr. 12a<br>9249 Algetshausen<br>Schweiz<\/p>\n\n\n\n<p><a href=\"mailto:info@fiboo.ch\">info@fiboo.ch<\/a><\/p>\n\n\n\n<p><strong>Haftungsausschluss<\/strong><\/p>\n\n\n\n<p>Der Autor \u00fcbernimmt keinerlei Gew\u00e4hr hinsichtlich der inhaltlichen Richtigkeit, Genauigkeit, Aktualit\u00e4t, Zuverl\u00e4ssigkeit und Vollst\u00e4ndigkeit der Informationen.<br>Haftungsanspr\u00fcche gegen den Autor wegen Sch\u00e4den materieller oder immaterieller Art, welche aus dem Zugriff oder der Nutzung bzw. Nichtnutzung der ver\u00f6ffentlichten Informationen, durch Missbrauch der Verbindung oder durch technische St\u00f6rungen entstanden sind, werden ausgeschlossen.<br>Alle Angebote sind unverbindlich. Der Autor beh\u00e4lt es sich ausdr\u00fccklich vor, Teile der Seiten oder das gesamte Angebot ohne gesonderte Ank\u00fcndigung zu ver\u00e4ndern, zu erg\u00e4nzen, zu l\u00f6schen oder die Ver\u00f6ffentlichung zeitweise oder endg\u00fcltig einzustellen.<\/p>\n\n\n\n<p><strong>Haftung f\u00fcr Links<\/strong><br>Verweise und Links auf Webseiten Dritter liegen ausserhalb unseres Verantwortungsbereichs Es wird jegliche Verantwortung f\u00fcr solche Webseiten abgelehnt. Der Zugriff und die Nutzung solcher Webseiten erfolgen auf eigene Gefahr des Nutzers oder der Nutzerin.<\/p>\n\n\n\n<p><strong>Urheberrechte<\/strong><br>Die Urheber- und alle anderen Rechte an Inhalten, Bildern, Fotos oder anderen Dateien auf der Website geh\u00f6ren den speziell genannten Rechtsinhabern. F\u00fcr die Reproduktion jeglicher Elemente ist die schriftliche Zustimmung der Urheberrechtstr\u00e4ger n\u00f6tig.<\/p>\n","protected":false},"excerpt":{"rendered":"<p>Disclaimer f\u00fcr Datenschutz und Datensicherheit Februar 2015 Impressum Kontaktadresse und verantwortlich f\u00fcr Inhalt und BilderFiboo TreuhandRegula LorenzStockenstr. 12a9249 AlgetshausenSchweiz info@fiboo.ch Haftungsausschluss Der Autor \u00fcbernimmt keinerlei Gew\u00e4hr hinsichtlich der inhaltlichen Richtigkeit, Genauigkeit, Aktualit\u00e4t, Zuverl\u00e4ssigkeit und Vollst\u00e4ndigkeit der Informationen.Haftungsanspr\u00fcche gegen den Autor wegen Sch\u00e4den materieller oder immaterieller Art, welche aus dem Zugriff oder der Nutzung bzw. Nichtnutzung &hellip; <a href=\"https:\/\/fiboo.ch\/index.php\/disclaimer\/\" class=\"more-link\"><span class=\"screen-reader-text\">Disclaimer<\/span> weiterlesen<\/a><\/p>\n","protected":false},"author":1,"featured_media":0,"parent":0,"menu_order":0,"comment_status":"closed","ping_status":"closed","template":"","meta":{"footnotes":""},"class_list":["post-134","page","type-page","status-publish","hentry"],"yoast_head":"<!-- This site is optimized with the Yoast SEO plugin v27.3 - https:\/\/yoast.com\/product\/yoast-seo-wordpress\/ -->\n<title>Disclaimer -<\/title>\n<meta name=\"robots\" content=\"index, follow, max-snippet:-1, max-image-preview:large, max-video-preview:-1\" \/>\n<link rel=\"canonical\" href=\"https:\/\/fiboo.ch\/index.php\/disclaimer\/\" \/>\n<meta property=\"og:locale\" content=\"de_DE\" \/>\n<meta property=\"og:type\" content=\"article\" \/>\n<meta property=\"og:title\" content=\"Disclaimer -\" \/>\n<meta property=\"og:description\" content=\"Disclaimer f\u00fcr Datenschutz und Datensicherheit Februar 2015 Impressum Kontaktadresse und verantwortlich f\u00fcr Inhalt und BilderFiboo TreuhandRegula LorenzStockenstr. 12a9249 AlgetshausenSchweiz info@fiboo.ch Haftungsausschluss Der Autor \u00fcbernimmt keinerlei Gew\u00e4hr hinsichtlich der inhaltlichen Richtigkeit, Genauigkeit, Aktualit\u00e4t, Zuverl\u00e4ssigkeit und Vollst\u00e4ndigkeit der Informationen.Haftungsanspr\u00fcche gegen den Autor wegen Sch\u00e4den materieller oder immaterieller Art, welche aus dem Zugriff oder der Nutzung bzw. Nichtnutzung &hellip; Disclaimer weiterlesen\" \/>\n<meta property=\"og:url\" content=\"https:\/\/fiboo.ch\/index.php\/disclaimer\/\" \/>\n<meta name=\"twitter:card\" content=\"summary_large_image\" \/>\n<meta name=\"twitter:label1\" content=\"Gesch\u00e4tzte Lesezeit\" \/>\n\t<meta name=\"twitter:data1\" content=\"4\u00a0Minuten\" \/>\n<script type=\"application\/ld+json\" class=\"yoast-schema-graph\">{\"@context\":\"https:\\\/\\\/schema.org\",\"@graph\":[{\"@type\":\"WebPage\",\"@id\":\"https:\\\/\\\/fiboo.ch\\\/index.php\\\/disclaimer\\\/\",\"url\":\"https:\\\/\\\/fiboo.ch\\\/index.php\\\/disclaimer\\\/\",\"name\":\"Disclaimer -\",\"isPartOf\":{\"@id\":\"https:\\\/\\\/fiboo.ch\\\/#website\"},\"datePublished\":\"2024-03-07T11:45:17+00:00\",\"breadcrumb\":{\"@id\":\"https:\\\/\\\/fiboo.ch\\\/index.php\\\/disclaimer\\\/#breadcrumb\"},\"inLanguage\":\"de\",\"potentialAction\":[{\"@type\":\"ReadAction\",\"target\":[\"https:\\\/\\\/fiboo.ch\\\/index.php\\\/disclaimer\\\/\"]}]},{\"@type\":\"BreadcrumbList\",\"@id\":\"https:\\\/\\\/fiboo.ch\\\/index.php\\\/disclaimer\\\/#breadcrumb\",\"itemListElement\":[{\"@type\":\"ListItem\",\"position\":1,\"name\":\"Startseite\",\"item\":\"https:\\\/\\\/fiboo.ch\\\/\"},{\"@type\":\"ListItem\",\"position\":2,\"name\":\"Disclaimer\"}]},{\"@type\":\"WebSite\",\"@id\":\"https:\\\/\\\/fiboo.ch\\\/#website\",\"url\":\"https:\\\/\\\/fiboo.ch\\\/\",\"name\":\"fiboo Treunahnd\",\"description\":\"Unsere Erfahrung, Ihr Gewinn!\",\"publisher\":{\"@id\":\"https:\\\/\\\/fiboo.ch\\\/#organization\"},\"potentialAction\":[{\"@type\":\"SearchAction\",\"target\":{\"@type\":\"EntryPoint\",\"urlTemplate\":\"https:\\\/\\\/fiboo.ch\\\/?s={search_term_string}\"},\"query-input\":{\"@type\":\"PropertyValueSpecification\",\"valueRequired\":true,\"valueName\":\"search_term_string\"}}],\"inLanguage\":\"de\"},{\"@type\":\"Organization\",\"@id\":\"https:\\\/\\\/fiboo.ch\\\/#organization\",\"name\":\"fiboo\",\"url\":\"https:\\\/\\\/fiboo.ch\\\/\",\"logo\":{\"@type\":\"ImageObject\",\"inLanguage\":\"de\",\"@id\":\"https:\\\/\\\/fiboo.ch\\\/#\\\/schema\\\/logo\\\/image\\\/\",\"url\":\"https:\\\/\\\/fiboo.ch\\\/wp-content\\\/uploads\\\/2024\\\/03\\\/cropped-Logo_FIboo-300x100-1.png\",\"contentUrl\":\"https:\\\/\\\/fiboo.ch\\\/wp-content\\\/uploads\\\/2024\\\/03\\\/cropped-Logo_FIboo-300x100-1.png\",\"width\":248,\"height\":82,\"caption\":\"fiboo\"},\"image\":{\"@id\":\"https:\\\/\\\/fiboo.ch\\\/#\\\/schema\\\/logo\\\/image\\\/\"}}]}<\/script>\n<!-- \/ Yoast SEO plugin. -->","yoast_head_json":{"title":"Disclaimer -","robots":{"index":"index","follow":"follow","max-snippet":"max-snippet:-1","max-image-preview":"max-image-preview:large","max-video-preview":"max-video-preview:-1"},"canonical":"https:\/\/fiboo.ch\/index.php\/disclaimer\/","og_locale":"de_DE","og_type":"article","og_title":"Disclaimer -","og_description":"Disclaimer f\u00fcr Datenschutz und Datensicherheit Februar 2015 Impressum Kontaktadresse und verantwortlich f\u00fcr Inhalt und BilderFiboo TreuhandRegula LorenzStockenstr. 12a9249 AlgetshausenSchweiz info@fiboo.ch Haftungsausschluss Der Autor \u00fcbernimmt keinerlei Gew\u00e4hr hinsichtlich der inhaltlichen Richtigkeit, Genauigkeit, Aktualit\u00e4t, Zuverl\u00e4ssigkeit und Vollst\u00e4ndigkeit der Informationen.Haftungsanspr\u00fcche gegen den Autor wegen Sch\u00e4den materieller oder immaterieller Art, welche aus dem Zugriff oder der Nutzung bzw. Nichtnutzung &hellip; Disclaimer weiterlesen","og_url":"https:\/\/fiboo.ch\/index.php\/disclaimer\/","twitter_card":"summary_large_image","twitter_misc":{"Gesch\u00e4tzte Lesezeit":"4\u00a0Minuten"},"schema":{"@context":"https:\/\/schema.org","@graph":[{"@type":"WebPage","@id":"https:\/\/fiboo.ch\/index.php\/disclaimer\/","url":"https:\/\/fiboo.ch\/index.php\/disclaimer\/","name":"Disclaimer -","isPartOf":{"@id":"https:\/\/fiboo.ch\/#website"},"datePublished":"2024-03-07T11:45:17+00:00","breadcrumb":{"@id":"https:\/\/fiboo.ch\/index.php\/disclaimer\/#breadcrumb"},"inLanguage":"de","potentialAction":[{"@type":"ReadAction","target":["https:\/\/fiboo.ch\/index.php\/disclaimer\/"]}]},{"@type":"BreadcrumbList","@id":"https:\/\/fiboo.ch\/index.php\/disclaimer\/#breadcrumb","itemListElement":[{"@type":"ListItem","position":1,"name":"Startseite","item":"https:\/\/fiboo.ch\/"},{"@type":"ListItem","position":2,"name":"Disclaimer"}]},{"@type":"WebSite","@id":"https:\/\/fiboo.ch\/#website","url":"https:\/\/fiboo.ch\/","name":"fiboo Treunahnd","description":"Unsere Erfahrung, Ihr Gewinn!","publisher":{"@id":"https:\/\/fiboo.ch\/#organization"},"potentialAction":[{"@type":"SearchAction","target":{"@type":"EntryPoint","urlTemplate":"https:\/\/fiboo.ch\/?s={search_term_string}"},"query-input":{"@type":"PropertyValueSpecification","valueRequired":true,"valueName":"search_term_string"}}],"inLanguage":"de"},{"@type":"Organization","@id":"https:\/\/fiboo.ch\/#organization","name":"fiboo","url":"https:\/\/fiboo.ch\/","logo":{"@type":"ImageObject","inLanguage":"de","@id":"https:\/\/fiboo.ch\/#\/schema\/logo\/image\/","url":"https:\/\/fiboo.ch\/wp-content\/uploads\/2024\/03\/cropped-Logo_FIboo-300x100-1.png","contentUrl":"https:\/\/fiboo.ch\/wp-content\/uploads\/2024\/03\/cropped-Logo_FIboo-300x100-1.png","width":248,"height":82,"caption":"fiboo"},"image":{"@id":"https:\/\/fiboo.ch\/#\/schema\/logo\/image\/"}}]}},"_links":{"self":[{"href":"https:\/\/fiboo.ch\/index.php\/wp-json\/wp\/v2\/pages\/134","targetHints":{"allow":["GET"]}}],"collection":[{"href":"https:\/\/fiboo.ch\/index.php\/wp-json\/wp\/v2\/pages"}],"about":[{"href":"https:\/\/fiboo.ch\/index.php\/wp-json\/wp\/v2\/types\/page"}],"author":[{"embeddable":true,"href":"https:\/\/fiboo.ch\/index.php\/wp-json\/wp\/v2\/users\/1"}],"replies":[{"embeddable":true,"href":"https:\/\/fiboo.ch\/index.php\/wp-json\/wp\/v2\/comments?post=134"}],"version-history":[{"count":1,"href":"https:\/\/fiboo.ch\/index.php\/wp-json\/wp\/v2\/pages\/134\/revisions"}],"predecessor-version":[{"id":135,"href":"https:\/\/fiboo.ch\/index.php\/wp-json\/wp\/v2\/pages\/134\/revisions\/135"}],"wp:attachment":[{"href":"https:\/\/fiboo.ch\/index.php\/wp-json\/wp\/v2\/media?parent=134"}],"curies":[{"name":"wp","href":"https:\/\/api.w.org\/{rel}","templated":true}]}}