{"id":99,"date":"2024-03-07T12:31:34","date_gmt":"2024-03-07T11:31:34","guid":{"rendered":"https:\/\/fiboo.ch\/?page_id=99"},"modified":"2024-03-13T16:44:29","modified_gmt":"2024-03-13T15:44:29","slug":"fiboo-treuhand-regula-lorenz","status":"publish","type":"page","link":"https:\/\/fiboo.ch\/","title":{"rendered":"Fiboo Treuhand Regula Lorenz"},"content":{"rendered":"\n<p>Ich unterst\u00fctze Sie in Fragen der Vorsorge, der Finanzierung von Immobilien und bin Ihr Partner f\u00fcr s\u00e4mtliche Fragen in Bezug auf Finanzen, Steuern, Personal und Administration.<\/p>\n\n\n\n<figure class=\"wp-block-image size-large\"><img loading=\"lazy\" decoding=\"async\" width=\"1024\" height=\"683\" src=\"https:\/\/fiboo.ch\/wp-content\/uploads\/2024\/03\/photodune-364578-consultation-l-1536x1024-1-1024x683.jpg\" alt=\"\" class=\"wp-image-92\" srcset=\"https:\/\/fiboo.ch\/wp-content\/uploads\/2024\/03\/photodune-364578-consultation-l-1536x1024-1-1024x683.jpg 1024w, https:\/\/fiboo.ch\/wp-content\/uploads\/2024\/03\/photodune-364578-consultation-l-1536x1024-1-300x200.jpg 300w, https:\/\/fiboo.ch\/wp-content\/uploads\/2024\/03\/photodune-364578-consultation-l-1536x1024-1-768x512.jpg 768w, https:\/\/fiboo.ch\/wp-content\/uploads\/2024\/03\/photodune-364578-consultation-l-1536x1024-1.jpg 1536w\" sizes=\"auto, (max-width: 1024px) 100vw, 1024px\" \/><\/figure>\n","protected":false},"excerpt":{"rendered":"<p>Ich unterst\u00fctze Sie in Fragen der Vorsorge, der Finanzierung von Immobilien und bin Ihr Partner f\u00fcr s\u00e4mtliche Fragen in Bezug auf Finanzen, Steuern, Personal und Administration.<\/p>\n","protected":false},"author":1,"featured_media":0,"parent":0,"menu_order":0,"comment_status":"closed","ping_status":"closed","template":"","meta":{"footnotes":""},"class_list":["post-99","page","type-page","status-publish","hentry"],"yoast_head":"<!-- This site is optimized with the Yoast SEO plugin v27.3 - https:\/\/yoast.com\/product\/yoast-seo-wordpress\/ -->\n<title>Fiboo Treuhand Regula Lorenz -<\/title>\n<meta name=\"description\" content=\"Vorsorge, Finanzierung, Immobilien,\u00a0Finanzen,\u00a0Steuern, Personal,\u00a0Administration\" \/>\n<meta name=\"robots\" content=\"index, follow, max-snippet:-1, max-image-preview:large, max-video-preview:-1\" \/>\n<link rel=\"canonical\" href=\"https:\/\/fiboo.ch\/\" \/>\n<meta property=\"og:locale\" content=\"de_DE\" \/>\n<meta property=\"og:type\" content=\"article\" \/>\n<meta property=\"og:title\" content=\"Fiboo Treuhand Regula Lorenz -\" \/>\n<meta property=\"og:description\" content=\"Vorsorge, Finanzierung, Immobilien,\u00a0Finanzen,\u00a0Steuern, Personal,\u00a0Administration\" \/>\n<meta property=\"og:url\" content=\"https:\/\/fiboo.ch\/\" \/>\n<meta property=\"article:modified_time\" content=\"2024-03-13T15:44:29+00:00\" \/>\n<meta property=\"og:image\" content=\"https:\/\/fiboo.ch\/wp-content\/uploads\/2024\/03\/photodune-364578-consultation-l-1536x1024-1-1024x683.jpg\" \/>\n<meta name=\"twitter:card\" content=\"summary_large_image\" \/>\n<meta name=\"twitter:label1\" content=\"Gesch\u00e4tzte Lesezeit\" \/>\n\t<meta name=\"twitter:data1\" content=\"1\u00a0Minute\" \/>\n<script type=\"application\/ld+json\" class=\"yoast-schema-graph\">{\"@context\":\"https:\\\/\\\/schema.org\",\"@graph\":[{\"@type\":\"WebPage\",\"@id\":\"https:\\\/\\\/fiboo.ch\\\/\",\"url\":\"https:\\\/\\\/fiboo.ch\\\/\",\"name\":\"Fiboo Treuhand Regula Lorenz -\",\"isPartOf\":{\"@id\":\"https:\\\/\\\/fiboo.ch\\\/#website\"},\"primaryImageOfPage\":{\"@id\":\"https:\\\/\\\/fiboo.ch\\\/#primaryimage\"},\"image\":{\"@id\":\"https:\\\/\\\/fiboo.ch\\\/#primaryimage\"},\"thumbnailUrl\":\"https:\\\/\\\/fiboo.ch\\\/wp-content\\\/uploads\\\/2024\\\/03\\\/photodune-364578-consultation-l-1536x1024-1-1024x683.jpg\",\"datePublished\":\"2024-03-07T11:31:34+00:00\",\"dateModified\":\"2024-03-13T15:44:29+00:00\",\"description\":\"Vorsorge, Finanzierung, Immobilien,\u00a0Finanzen,\u00a0Steuern, Personal,\u00a0Administration\",\"breadcrumb\":{\"@id\":\"https:\\\/\\\/fiboo.ch\\\/#breadcrumb\"},\"inLanguage\":\"de\",\"potentialAction\":[{\"@type\":\"ReadAction\",\"target\":[\"https:\\\/\\\/fiboo.ch\\\/\"]}]},{\"@type\":\"ImageObject\",\"inLanguage\":\"de\",\"@id\":\"https:\\\/\\\/fiboo.ch\\\/#primaryimage\",\"url\":\"https:\\\/\\\/fiboo.ch\\\/wp-content\\\/uploads\\\/2024\\\/03\\\/photodune-364578-consultation-l-1536x1024-1.jpg\",\"contentUrl\":\"https:\\\/\\\/fiboo.ch\\\/wp-content\\\/uploads\\\/2024\\\/03\\\/photodune-364578-consultation-l-1536x1024-1.jpg\",\"width\":1536,\"height\":1024,\"caption\":\"Image of human hands during paperwork\"},{\"@type\":\"BreadcrumbList\",\"@id\":\"https:\\\/\\\/fiboo.ch\\\/#breadcrumb\",\"itemListElement\":[{\"@type\":\"ListItem\",\"position\":1,\"name\":\"Startseite\",\"item\":\"https:\\\/\\\/fiboo.ch\\\/\"},{\"@type\":\"ListItem\",\"position\":2,\"name\":\"Fiboo Treuhand Regula Lorenz\"}]},{\"@type\":\"WebSite\",\"@id\":\"https:\\\/\\\/fiboo.ch\\\/#website\",\"url\":\"https:\\\/\\\/fiboo.ch\\\/\",\"name\":\"fiboo Treunahnd\",\"description\":\"Unsere Erfahrung, Ihr Gewinn!\",\"publisher\":{\"@id\":\"https:\\\/\\\/fiboo.ch\\\/#organization\"},\"potentialAction\":[{\"@type\":\"SearchAction\",\"target\":{\"@type\":\"EntryPoint\",\"urlTemplate\":\"https:\\\/\\\/fiboo.ch\\\/?s={search_term_string}\"},\"query-input\":{\"@type\":\"PropertyValueSpecification\",\"valueRequired\":true,\"valueName\":\"search_term_string\"}}],\"inLanguage\":\"de\"},{\"@type\":\"Organization\",\"@id\":\"https:\\\/\\\/fiboo.ch\\\/#organization\",\"name\":\"fiboo\",\"url\":\"https:\\\/\\\/fiboo.ch\\\/\",\"logo\":{\"@type\":\"ImageObject\",\"inLanguage\":\"de\",\"@id\":\"https:\\\/\\\/fiboo.ch\\\/#\\\/schema\\\/logo\\\/image\\\/\",\"url\":\"https:\\\/\\\/fiboo.ch\\\/wp-content\\\/uploads\\\/2024\\\/03\\\/cropped-Logo_FIboo-300x100-1.png\",\"contentUrl\":\"https:\\\/\\\/fiboo.ch\\\/wp-content\\\/uploads\\\/2024\\\/03\\\/cropped-Logo_FIboo-300x100-1.png\",\"width\":248,\"height\":82,\"caption\":\"fiboo\"},\"image\":{\"@id\":\"https:\\\/\\\/fiboo.ch\\\/#\\\/schema\\\/logo\\\/image\\\/\"}}]}<\/script>\n<!-- \/ Yoast SEO plugin. -->","yoast_head_json":{"title":"Fiboo Treuhand Regula Lorenz -","description":"Vorsorge, Finanzierung, Immobilien,\u00a0Finanzen,\u00a0Steuern, Personal,\u00a0Administration","robots":{"index":"index","follow":"follow","max-snippet":"max-snippet:-1","max-image-preview":"max-image-preview:large","max-video-preview":"max-video-preview:-1"},"canonical":"https:\/\/fiboo.ch\/","og_locale":"de_DE","og_type":"article","og_title":"Fiboo Treuhand Regula Lorenz -","og_description":"Vorsorge, Finanzierung, Immobilien,\u00a0Finanzen,\u00a0Steuern, Personal,\u00a0Administration","og_url":"https:\/\/fiboo.ch\/","article_modified_time":"2024-03-13T15:44:29+00:00","og_image":[{"url":"https:\/\/fiboo.ch\/wp-content\/uploads\/2024\/03\/photodune-364578-consultation-l-1536x1024-1-1024x683.jpg","type":"","width":"","height":""}],"twitter_card":"summary_large_image","twitter_misc":{"Gesch\u00e4tzte Lesezeit":"1\u00a0Minute"},"schema":{"@context":"https:\/\/schema.org","@graph":[{"@type":"WebPage","@id":"https:\/\/fiboo.ch\/","url":"https:\/\/fiboo.ch\/","name":"Fiboo Treuhand Regula Lorenz -","isPartOf":{"@id":"https:\/\/fiboo.ch\/#website"},"primaryImageOfPage":{"@id":"https:\/\/fiboo.ch\/#primaryimage"},"image":{"@id":"https:\/\/fiboo.ch\/#primaryimage"},"thumbnailUrl":"https:\/\/fiboo.ch\/wp-content\/uploads\/2024\/03\/photodune-364578-consultation-l-1536x1024-1-1024x683.jpg","datePublished":"2024-03-07T11:31:34+00:00","dateModified":"2024-03-13T15:44:29+00:00","description":"Vorsorge, Finanzierung, Immobilien,\u00a0Finanzen,\u00a0Steuern, Personal,\u00a0Administration","breadcrumb":{"@id":"https:\/\/fiboo.ch\/#breadcrumb"},"inLanguage":"de","potentialAction":[{"@type":"ReadAction","target":["https:\/\/fiboo.ch\/"]}]},{"@type":"ImageObject","inLanguage":"de","@id":"https:\/\/fiboo.ch\/#primaryimage","url":"https:\/\/fiboo.ch\/wp-content\/uploads\/2024\/03\/photodune-364578-consultation-l-1536x1024-1.jpg","contentUrl":"https:\/\/fiboo.ch\/wp-content\/uploads\/2024\/03\/photodune-364578-consultation-l-1536x1024-1.jpg","width":1536,"height":1024,"caption":"Image of human hands during paperwork"},{"@type":"BreadcrumbList","@id":"https:\/\/fiboo.ch\/#breadcrumb","itemListElement":[{"@type":"ListItem","position":1,"name":"Startseite","item":"https:\/\/fiboo.ch\/"},{"@type":"ListItem","position":2,"name":"Fiboo Treuhand Regula Lorenz"}]},{"@type":"WebSite","@id":"https:\/\/fiboo.ch\/#website","url":"https:\/\/fiboo.ch\/","name":"fiboo Treunahnd","description":"Unsere Erfahrung, Ihr Gewinn!","publisher":{"@id":"https:\/\/fiboo.ch\/#organization"},"potentialAction":[{"@type":"SearchAction","target":{"@type":"EntryPoint","urlTemplate":"https:\/\/fiboo.ch\/?s={search_term_string}"},"query-input":{"@type":"PropertyValueSpecification","valueRequired":true,"valueName":"search_term_string"}}],"inLanguage":"de"},{"@type":"Organization","@id":"https:\/\/fiboo.ch\/#organization","name":"fiboo","url":"https:\/\/fiboo.ch\/","logo":{"@type":"ImageObject","inLanguage":"de","@id":"https:\/\/fiboo.ch\/#\/schema\/logo\/image\/","url":"https:\/\/fiboo.ch\/wp-content\/uploads\/2024\/03\/cropped-Logo_FIboo-300x100-1.png","contentUrl":"https:\/\/fiboo.ch\/wp-content\/uploads\/2024\/03\/cropped-Logo_FIboo-300x100-1.png","width":248,"height":82,"caption":"fiboo"},"image":{"@id":"https:\/\/fiboo.ch\/#\/schema\/logo\/image\/"}}]}},"_links":{"self":[{"href":"https:\/\/fiboo.ch\/index.php\/wp-json\/wp\/v2\/pages\/99","targetHints":{"allow":["GET"]}}],"collection":[{"href":"https:\/\/fiboo.ch\/index.php\/wp-json\/wp\/v2\/pages"}],"about":[{"href":"https:\/\/fiboo.ch\/index.php\/wp-json\/wp\/v2\/types\/page"}],"author":[{"embeddable":true,"href":"https:\/\/fiboo.ch\/index.php\/wp-json\/wp\/v2\/users\/1"}],"replies":[{"embeddable":true,"href":"https:\/\/fiboo.ch\/index.php\/wp-json\/wp\/v2\/comments?post=99"}],"version-history":[{"count":2,"href":"https:\/\/fiboo.ch\/index.php\/wp-json\/wp\/v2\/pages\/99\/revisions"}],"predecessor-version":[{"id":147,"href":"https:\/\/fiboo.ch\/index.php\/wp-json\/wp\/v2\/pages\/99\/revisions\/147"}],"wp:attachment":[{"href":"https:\/\/fiboo.ch\/index.php\/wp-json\/wp\/v2\/media?parent=99"}],"curies":[{"name":"wp","href":"https:\/\/api.w.org\/{rel}","templated":true}]}}